{"id":36,"date":"2014-05-28T19:56:11","date_gmt":"2014-05-28T22:56:11","guid":{"rendered":"http:\/\/ecotire.com.br\/portal\/?page_id=36"},"modified":"2014-06-12T22:24:39","modified_gmt":"2014-06-13T01:24:39","slug":"institucional","status":"publish","type":"page","link":"http:\/\/ecotire.com.br\/portal\/institucional\/","title":{"rendered":"Institucional"},"content":{"rendered":"<p><strong>QUEM SOMOS<\/strong><\/p>\n<p>Somos uma empresa especializada na reciclagem de pneus.<br \/>\nTrabalhamos com a reciclagem de pneus inserv\u00edveis que s\u00e3o aqueles descartados depois de usados. Reunimos em nosso escopo de trabalho v\u00e1rias op\u00e7\u00f5es para este problema urbano.<br \/>\nTemos orgulho de possuir m\u00e1quinas, produtos e processos patenteados, dentro e fora do Brasil. Sempre inovando, estamos constantemente em pesquisa e desenvolvimento, buscando novas t\u00e9cnicas e processos simples e acess\u00edveis.<\/p>\n<p><strong>NOSSA HIST\u00d3RIA<\/strong><\/p>\n<p>A empresa come\u00e7ou em 2007 com um produto em particular, o Poste de Pneu.<br \/>\nDevido a necessidade de mour\u00f5es (poste para sustenta\u00e7\u00e3o de arame em cercas) e a dificuldade de se encontrar produtos de madeira, come\u00e7amos ent\u00e3o a procurar produto alternativo ao tradicional.<br \/>\nDesta maneira surgiu o Poste de Pneu &#8211; produto patenteado.<br \/>\nCom o passar do tempo identificamos a necessidade de mais solu\u00e7\u00f5es para se reciclar pneus, por\u00e9m ao procurar os m\u00e9todos existentes, encontramos altos custos de aquisi\u00e7\u00e3o, consumo de energia e manuten\u00e7\u00e3o.<br \/>\nAp\u00f3s algumas visitas t\u00e9cnicas e pesquisas, hoje podemos oferecer ao mercado m\u00e1quinas de reciclagem de pneu, com pre\u00e7os de aquisi\u00e7\u00e3o e manuten\u00e7\u00e3o bem mais acess\u00edvel do que o sistema atual.<br \/>\nEm 2010 surgiu a oportunidade de incubarmos a empresa dentro do Centro Universit\u00e1rio de An\u00e1polis &#8211; Uniincubadora. No momento estamos projetando m\u00e1quinas mais eficientes, sempre procurando oferecer o que h\u00e1 de melhor em reciclagem de pneus.<br \/>\nEm 2011 adquirimos nossa primeira planta de tritura\u00e7\u00e3o de pneus.<br \/>\nEm 2012 inovamos novamente lan\u00e7ando no mercado brasileiro o Blast Mat, que s\u00e3o mantas feitas de pneus de grande porte usados para conten\u00e7\u00e3o de lan\u00e7amentos de destro\u00e7os em detona\u00e7\u00f5es urbanas ou em \u00e1reas de risco.<br \/>\nHoje estamos em plena expans\u00e3o procurando inovar em produtos e servi\u00e7os que contemplam a reciclagem de pneus inserv\u00edveis.<\/p>\n<p><strong>PARCEIROS<\/strong><\/p>\n<a href=\"http:\/\/www.reciclanip.org.br\/v3\/\" target=\"_blank\"><img loading=\"lazy\" class=\"alignnone size-full wp-image-77\" src=\"http:\/\/ecotire.com.br\/portal\/wp-content\/uploads\/2014\/05\/reciclamp.jpg\" alt=\"reciclamp\" width=\"150\" height=\"104\" \/><\/a>\n","protected":false},"excerpt":{"rendered":"<p>QUEM SOMOS Somos uma empresa especializada na reciclagem de pneus. Trabalhamos com a reciclagem de pneus inserv\u00edveis que s\u00e3o aqueles descartados depois de usados. Reunimos em nosso escopo de trabalho v\u00e1rias op\u00e7\u00f5es para este problema urbano. Temos orgulho de possuir m\u00e1quinas, produtos e processos patenteados, dentro e fora do Brasil. Sempre inovando, estamos constantemente em [&hellip;]<\/p>\n","protected":false},"author":1,"featured_media":0,"parent":0,"menu_order":0,"comment_status":"open","ping_status":"open","template":"page-padrao.php","meta":[],"_links":{"self":[{"href":"http:\/\/ecotire.com.br\/portal\/wp-json\/wp\/v2\/pages\/36"}],"collection":[{"href":"http:\/\/ecotire.com.br\/portal\/wp-json\/wp\/v2\/pages"}],"about":[{"href":"http:\/\/ecotire.com.br\/portal\/wp-json\/wp\/v2\/types\/page"}],"author":[{"embeddable":true,"href":"http:\/\/ecotire.com.br\/portal\/wp-json\/wp\/v2\/users\/1"}],"replies":[{"embeddable":true,"href":"http:\/\/ecotire.com.br\/portal\/wp-json\/wp\/v2\/comments?post=36"}],"version-history":[{"count":3,"href":"http:\/\/ecotire.com.br\/portal\/wp-json\/wp\/v2\/pages\/36\/revisions"}],"predecessor-version":[{"id":78,"href":"http:\/\/ecotire.com.br\/portal\/wp-json\/wp\/v2\/pages\/36\/revisions\/78"}],"wp:attachment":[{"href":"http:\/\/ecotire.com.br\/portal\/wp-json\/wp\/v2\/media?parent=36"}],"curies":[{"name":"wp","href":"https:\/\/api.w.org\/{rel}","templated":true}]}}