{"id":38,"date":"2014-05-28T19:58:17","date_gmt":"2014-05-28T22:58:17","guid":{"rendered":"http:\/\/ecotire.com.br\/portal\/?page_id=38"},"modified":"2014-05-28T19:58:17","modified_gmt":"2014-05-28T22:58:17","slug":"servicos","status":"publish","type":"page","link":"http:\/\/ecotire.com.br\/portal\/servicos\/","title":{"rendered":"Servi\u00e7os"},"content":{"rendered":"<p><strong>DESTINA\u00c7\u00c3O DE PNEUS<\/strong><\/p>\n<p>Somos credenciados no IBAMA, com o Certificado de regularidade de Pessoa Jur\u00eddica.<br \/>\nSomos aptos a emitir laudos de destina\u00e7\u00e3o final de pneus, usados por importadores e ind\u00fastrias para cumprir as regras legais de entrada de pneu no mercado nacional.<\/p>\n<p><strong>TRANSPORTE E LOGISTICA DE PNEUS<\/strong><\/p>\n<p>Possu\u00edmos m\u00e1quinas que diminuem o volume e retira do pneu a caracter\u00edstica de reter \u00e1gua. A redu\u00e7\u00e3o se d\u00e1 em torno de 60% do volume original do pneu.<br \/>\nDesta maneira a log\u00edstica fica facilitada pois onde se armazenava\/transportava um pneu pode se colocar no lugar mais do que uma unidade de pneu.<\/p>\n<p><strong>ECOPONTOS<\/strong><\/p>\n<p>Podemos fazer a montagem e gest\u00e3o de Ecopontos, temos conhecimento das regras legais e como dar uma destina\u00e7\u00e3o final para os pneus. Emitimos laudos de impactos ambientais peri\u00f3dicos e certificados de conformidade da destina\u00e7\u00e3o dos pneus.<\/p>\n","protected":false},"excerpt":{"rendered":"<p>DESTINA\u00c7\u00c3O DE PNEUS Somos credenciados no IBAMA, com o Certificado de regularidade de Pessoa Jur\u00eddica. Somos aptos a emitir laudos de destina\u00e7\u00e3o final de pneus, usados por importadores e ind\u00fastrias para cumprir as regras legais de entrada de pneu no mercado nacional. TRANSPORTE E LOGISTICA DE PNEUS Possu\u00edmos m\u00e1quinas que diminuem o volume e retira [&hellip;]<\/p>\n","protected":false},"author":1,"featured_media":0,"parent":0,"menu_order":0,"comment_status":"open","ping_status":"open","template":"page-padrao.php","meta":[],"_links":{"self":[{"href":"http:\/\/ecotire.com.br\/portal\/wp-json\/wp\/v2\/pages\/38"}],"collection":[{"href":"http:\/\/ecotire.com.br\/portal\/wp-json\/wp\/v2\/pages"}],"about":[{"href":"http:\/\/ecotire.com.br\/portal\/wp-json\/wp\/v2\/types\/page"}],"author":[{"embeddable":true,"href":"http:\/\/ecotire.com.br\/portal\/wp-json\/wp\/v2\/users\/1"}],"replies":[{"embeddable":true,"href":"http:\/\/ecotire.com.br\/portal\/wp-json\/wp\/v2\/comments?post=38"}],"version-history":[{"count":1,"href":"http:\/\/ecotire.com.br\/portal\/wp-json\/wp\/v2\/pages\/38\/revisions"}],"predecessor-version":[{"id":39,"href":"http:\/\/ecotire.com.br\/portal\/wp-json\/wp\/v2\/pages\/38\/revisions\/39"}],"wp:attachment":[{"href":"http:\/\/ecotire.com.br\/portal\/wp-json\/wp\/v2\/media?parent=38"}],"curies":[{"name":"wp","href":"https:\/\/api.w.org\/{rel}","templated":true}]}}